{"id":193900,"date":"2023-05-26T09:36:56","date_gmt":"2023-05-26T09:36:56","guid":{"rendered":"https:\/\/villatayrona.mx\/?page_id=193900"},"modified":"2025-11-04T07:40:25","modified_gmt":"2025-11-04T07:40:25","slug":"blog","status":"publish","type":"page","link":"https:\/\/villatayrona.mx\/es\/blog\/","title":{"rendered":"Blog"},"content":{"rendered":"<div data-elementor-type=\"wp-page\" data-elementor-id=\"193900\" class=\"elementor elementor-193900\" data-elementor-post-type=\"page\">\n\t\t\t\t\t\t<section class=\"elementor-section elementor-top-section elementor-element elementor-element-616895f elementor-section-height-min-height elementor-section-full_width elementor-section-items-stretch elementor-section-height-default\" data-id=\"616895f\" data-element_type=\"section\" data-e-type=\"section\" data-settings=\"{&quot;jet_parallax_layout_list&quot;:[],&quot;background_background&quot;:&quot;classic&quot;}\">\n\t\t\t\t\t\t\t<div class=\"elementor-background-overlay\"><\/div>\n\t\t\t\t\t\t\t<div class=\"elementor-container elementor-column-gap-default\">\n\t\t\t\t\t<div class=\"elementor-column elementor-col-50 elementor-top-column elementor-element elementor-element-7e00728\" data-id=\"7e00728\" data-element_type=\"column\" data-e-type=\"column\" data-settings=\"{&quot;background_background&quot;:&quot;classic&quot;}\">\n\t\t\t<div class=\"elementor-widget-wrap elementor-element-populated\">\n\t\t\t\t\t\t<section class=\"elementor-section elementor-inner-section elementor-element elementor-element-bc4d574 elementor-section-boxed elementor-section-height-default elementor-section-height-default\" data-id=\"bc4d574\" data-element_type=\"section\" data-e-type=\"section\" data-settings=\"{&quot;jet_parallax_layout_list&quot;:[]}\">\n\t\t\t\t\t\t<div class=\"elementor-container elementor-column-gap-default\">\n\t\t\t\t\t<div class=\"elementor-column elementor-col-100 elementor-inner-column elementor-element elementor-element-5c3acf3\" data-id=\"5c3acf3\" data-element_type=\"column\" data-e-type=\"column\">\n\t\t\t<div class=\"elementor-widget-wrap elementor-element-populated\">\n\t\t\t\t\t\t<div class=\"elementor-element elementor-element-7855398 elementor-widget-mobile__width-initial animated-slow elementor-hidden-tablet elementor-hidden-mobile elementor-widget elementor-widget-heading\" data-id=\"7855398\" data-element_type=\"widget\" data-e-type=\"widget\" data-settings=\"{&quot;_animation&quot;:&quot;none&quot;,&quot;_animation_delay&quot;:500}\" data-widget_type=\"heading.default\">\n\t\t\t\t<div class=\"elementor-widget-container\">\n\t\t\t\t\t<h1 class=\"elementor-heading-title elementor-size-default\">Blog de Villa Tayrona <\/h1>\t\t\t\t<\/div>\n\t\t\t\t<\/div>\n\t\t\t\t\t<\/div>\n\t\t<\/div>\n\t\t\t\t\t<\/div>\n\t\t<\/section>\n\t\t\t\t\t<\/div>\n\t\t<\/div>\n\t\t\t\t<div class=\"elementor-column elementor-col-50 elementor-top-column elementor-element elementor-element-067c752\" data-id=\"067c752\" data-element_type=\"column\" data-e-type=\"column\" data-settings=\"{&quot;background_background&quot;:&quot;classic&quot;}\">\n\t\t\t<div class=\"elementor-widget-wrap\">\n\t\t\t\t\t\t\t<\/div>\n\t\t<\/div>\n\t\t\t\t\t<\/div>\n\t\t<\/section>\n\t\t\t\t<section class=\"elementor-section elementor-top-section elementor-element elementor-element-448d832 elementor-section-boxed elementor-section-height-default elementor-section-height-default\" data-id=\"448d832\" data-element_type=\"section\" data-e-type=\"section\" data-settings=\"{&quot;jet_parallax_layout_list&quot;:[]}\">\n\t\t\t\t\t\t<div class=\"elementor-container elementor-column-gap-default\">\n\t\t\t\t\t<div class=\"elementor-column elementor-col-100 elementor-top-column elementor-element elementor-element-ef47a5e\" data-id=\"ef47a5e\" data-element_type=\"column\" data-e-type=\"column\">\n\t\t\t<div class=\"elementor-widget-wrap elementor-element-populated\">\n\t\t\t\t\t\t<div class=\"elementor-element elementor-element-af55f13 elementor-grid-3 elementor-grid-tablet-2 elementor-grid-mobile-1 elementor-posts--thumbnail-top elementor-card-shadow-yes elementor-posts__hover-gradient elementor-widget elementor-widget-posts\" data-id=\"af55f13\" data-element_type=\"widget\" data-e-type=\"widget\" data-settings=\"{&quot;cards_columns&quot;:&quot;3&quot;,&quot;cards_columns_tablet&quot;:&quot;2&quot;,&quot;cards_columns_mobile&quot;:&quot;1&quot;,&quot;cards_row_gap&quot;:{&quot;unit&quot;:&quot;px&quot;,&quot;size&quot;:35,&quot;sizes&quot;:[]},&quot;cards_row_gap_tablet&quot;:{&quot;unit&quot;:&quot;px&quot;,&quot;size&quot;:&quot;&quot;,&quot;sizes&quot;:[]},&quot;cards_row_gap_mobile&quot;:{&quot;unit&quot;:&quot;px&quot;,&quot;size&quot;:&quot;&quot;,&quot;sizes&quot;:[]}}\" data-widget_type=\"posts.cards\">\n\t\t\t\t<div class=\"elementor-widget-container\">\n\t\t\t\t\t\t\t<div class=\"elementor-posts-container elementor-posts elementor-posts--skin-cards elementor-grid\" role=\"list\">\n\t\t\t\t<article class=\"elementor-post elementor-grid-item post-200787 post type-post status-publish format-standard has-post-thumbnail hentry category-uncategorized\" role=\"listitem\">\n\t\t\t<div class=\"elementor-post__card\">\n\t\t\t\t<a class=\"elementor-post__thumbnail__link\" href=\"https:\/\/villatayrona.mx\/es\/wedding\/\" tabindex=\"-1\"><div class=\"elementor-post__thumbnail\"><img fetchpriority=\"high\" decoding=\"async\" width=\"555\" height=\"360\" src=\"https:\/\/villatayrona.mx\/wp-content\/smush-webp\/2025\/10\/DSC07989-555x360.jpg.webp\" class=\"attachment-boostly_thumb_555_360 size-boostly_thumb_555_360 wp-image-200750\" alt=\"Bagshaw Photo and Video\" \/><\/div><\/a>\n\t\t\t\t<div class=\"elementor-post__text\">\n\t\t\t\t<h3 class=\"elementor-post__title\">\n\t\t\t<a href=\"https:\/\/villatayrona.mx\/es\/wedding\/\">\n\t\t\t\tPlanificando una boda en Villa Tayrona\t\t\t<\/a>\n\t\t<\/h3>\n\t\t\t\t<div class=\"elementor-post__excerpt\">\n\t\t\t<p>Planifica tu boda en Villa Tayrona en Bucer\u00edas, M\u00e9xico. Recibimos con los brazos abiertos a las parejas que desean casarse en nuestra propiedad. No hay costos adicionales.<\/p>\n\t\t<\/div>\n\t\t\n\t\t<a class=\"elementor-post__read-more\" href=\"https:\/\/villatayrona.mx\/es\/wedding\/\" aria-label=\"Read more about Planning a Wedding at Villa Tayrona\" tabindex=\"-1\">\n\t\t\tLeer m\u00e1s &quot;\t\t<\/a>\n\n\t\t\t\t<\/div>\n\t\t\t\t\t<\/div>\n\t\t<\/article>\n\t\t\t\t<article class=\"elementor-post elementor-grid-item post-201144 post type-post status-publish format-standard has-post-thumbnail hentry category-uncategorized\" role=\"listitem\">\n\t\t\t<div class=\"elementor-post__card\">\n\t\t\t\t<a class=\"elementor-post__thumbnail__link\" href=\"https:\/\/villatayrona.mx\/es\/spring2026update\/\" tabindex=\"-1\"><div class=\"elementor-post__thumbnail\"><img decoding=\"async\" width=\"555\" height=\"360\" src=\"https:\/\/villatayrona.mx\/wp-content\/smush-webp\/2024\/06\/Marissa-Retreat-183-2-555x360.jpg.webp\" class=\"attachment-boostly_thumb_555_360 size-boostly_thumb_555_360 wp-image-200972\" alt=\"Marissa Retreat 183 2\" \/><\/div><\/a>\n\t\t\t\t<div class=\"elementor-post__text\">\n\t\t\t\t<h3 class=\"elementor-post__title\">\n\t\t\t<a href=\"https:\/\/villatayrona.mx\/es\/spring2026update\/\">\n\t\t\t\t\u00bfQu\u00e9 est\u00e1 pasando en M\u00e9xico?\t\t\t<\/a>\n\t\t<\/h3>\n\t\t\t\t<div class=\"elementor-post__excerpt\">\n\t\t\t<p>Contexto en torno a los eventos del 22 de febrero de 2026 Cuando recibes viajeros, aprendes que la hospitalidad es m\u00e1s que un espacio bonito. Se trata de<\/p>\n\t\t<\/div>\n\t\t\n\t\t<a class=\"elementor-post__read-more\" href=\"https:\/\/villatayrona.mx\/es\/spring2026update\/\" aria-label=\"Read more about What&#8217;s going on in Mexico?\" tabindex=\"-1\">\n\t\t\tLeer m\u00e1s &quot;\t\t<\/a>\n\n\t\t\t\t<\/div>\n\t\t\t\t\t<\/div>\n\t\t<\/article>\n\t\t\t\t<article class=\"elementor-post elementor-grid-item post-197687 post type-post status-publish format-standard has-post-thumbnail hentry category-uncategorized\" role=\"listitem\">\n\t\t\t<div class=\"elementor-post__card\">\n\t\t\t\t<a class=\"elementor-post__thumbnail__link\" href=\"https:\/\/villatayrona.mx\/es\/safety-in-bucerias-mexico\/\" tabindex=\"-1\"><div class=\"elementor-post__thumbnail\"><img decoding=\"async\" width=\"555\" height=\"360\" src=\"https:\/\/villatayrona.mx\/wp-content\/smush-webp\/2024\/06\/6E134B0C-05DC-4383-8441-A2375BF76780_1_105_c-1-555x360.jpeg.webp\" class=\"attachment-boostly_thumb_555_360 size-boostly_thumb_555_360 wp-image-197688\" alt=\"6E134B0C 05DC 4383 8441 A2375BF76780 1 105 c\" srcset=\"https:\/\/villatayrona.mx\/wp-content\/smush-webp\/2024\/06\/6E134B0C-05DC-4383-8441-A2375BF76780_1_105_c-1-555x360.jpeg.webp 555w, https:\/\/villatayrona.mx\/wp-content\/smush-webp\/2024\/06\/6E134B0C-05DC-4383-8441-A2375BF76780_1_105_c-1-18x12.jpeg.webp 18w\" sizes=\"(max-width: 555px) 100vw, 555px\" \/><\/div><\/a>\n\t\t\t\t<div class=\"elementor-post__text\">\n\t\t\t\t<h3 class=\"elementor-post__title\">\n\t\t\t<a href=\"https:\/\/villatayrona.mx\/es\/safety-in-bucerias-mexico\/\">\n\t\t\t\t\u00bfEs seguro visitar Bucer\u00edas?\t\t\t<\/a>\n\t\t<\/h3>\n\t\t\t\t<div class=\"elementor-post__excerpt\">\n\t\t\t<p>Contexto local Entendemos que M\u00e9xico tiene mala reputaci\u00f3n en cuanto a delincuencia. Una cosa a tener en cuenta es que nuestro pa\u00eds es aproximadamente el<\/p>\n\t\t<\/div>\n\t\t\n\t\t<a class=\"elementor-post__read-more\" href=\"https:\/\/villatayrona.mx\/es\/safety-in-bucerias-mexico\/\" aria-label=\"Read more about Is Bucer\u00edas Safe to Visit?\" tabindex=\"-1\">\n\t\t\tLeer m\u00e1s &quot;\t\t<\/a>\n\n\t\t\t\t<\/div>\n\t\t\t\t\t<\/div>\n\t\t<\/article>\n\t\t\t\t<article class=\"elementor-post elementor-grid-item post-200999 post type-post status-publish format-standard has-post-thumbnail hentry category-uncategorized\" role=\"listitem\">\n\t\t\t<div class=\"elementor-post__card\">\n\t\t\t\t<a class=\"elementor-post__thumbnail__link\" href=\"https:\/\/villatayrona.mx\/es\/responsible-travel\/\" tabindex=\"-1\"><div class=\"elementor-post__thumbnail\"><img loading=\"lazy\" decoding=\"async\" width=\"555\" height=\"360\" src=\"https:\/\/villatayrona.mx\/wp-content\/smush-webp\/2024\/10\/0014_YAZ_0397-555x360.jpeg.webp\" class=\"attachment-boostly_thumb_555_360 size-boostly_thumb_555_360 wp-image-199902\" alt=\"0014 YAZ 0397\" \/><\/div><\/a>\n\t\t\t\t<div class=\"elementor-post__text\">\n\t\t\t\t<h3 class=\"elementor-post__title\">\n\t\t\t<a href=\"https:\/\/villatayrona.mx\/es\/responsible-travel\/\">\n\t\t\t\tNuestros 4 compromisos de viaje responsable\t\t\t<\/a>\n\t\t<\/h3>\n\t\t\t\t<div class=\"elementor-post__excerpt\">\n\t\t\t<p>Mi esposo y yo creamos Villa Tayrona despu\u00e9s de una d\u00e9cada trabajando en un sector sin fines de lucro con una organizaci\u00f3n llamada Human Connections. Mi tiempo con Human Connections<\/p>\n\t\t<\/div>\n\t\t\n\t\t<a class=\"elementor-post__read-more\" href=\"https:\/\/villatayrona.mx\/es\/responsible-travel\/\" aria-label=\"Read more about Our 4 Responsible Travel Commitments\" tabindex=\"-1\">\n\t\t\tLeer m\u00e1s &quot;\t\t<\/a>\n\n\t\t\t\t<\/div>\n\t\t\t\t\t<\/div>\n\t\t<\/article>\n\t\t\t\t<article class=\"elementor-post elementor-grid-item post-197684 post type-post status-publish format-standard has-post-thumbnail hentry category-uncategorized\" role=\"listitem\">\n\t\t\t<div class=\"elementor-post__card\">\n\t\t\t\t<a class=\"elementor-post__thumbnail__link\" href=\"https:\/\/villatayrona.mx\/es\/bacheloretteparties\/\" tabindex=\"-1\"><div class=\"elementor-post__thumbnail\"><img loading=\"lazy\" decoding=\"async\" width=\"555\" height=\"360\" src=\"https:\/\/villatayrona.mx\/wp-content\/smush-webp\/2024\/06\/0018_Villa_Tayrona_5447-555x360.jpg.webp\" class=\"attachment-boostly_thumb_555_360 size-boostly_thumb_555_360 wp-image-200968\" alt=\"Bachelorette party mexico\" \/><\/div><\/a>\n\t\t\t\t<div class=\"elementor-post__text\">\n\t\t\t\t<h3 class=\"elementor-post__title\">\n\t\t\t<a href=\"https:\/\/villatayrona.mx\/es\/bacheloretteparties\/\">\n\t\t\t\tCinco razones por las que Villa Tayrona es perfecta para tu despedida de soltera\t\t\t<\/a>\n\t\t<\/h3>\n\t\t\t\t<div class=\"elementor-post__excerpt\">\n\t\t\t<p>Planear una despedida de soltera se trata de encontrar el equilibrio perfecto entre diversi\u00f3n, relajaci\u00f3n y conexi\u00f3n, y Villa Tayrona en Bucer\u00edas, M\u00e9xico, ofrece precisamente eso.<\/p>\n\t\t<\/div>\n\t\t\n\t\t<a class=\"elementor-post__read-more\" href=\"https:\/\/villatayrona.mx\/es\/bacheloretteparties\/\" aria-label=\"Read more about Five Reasons Why Villa Tayrona Is Perfect for Your Bachelorette\" tabindex=\"-1\">\n\t\t\tLeer m\u00e1s &quot;\t\t<\/a>\n\n\t\t\t\t<\/div>\n\t\t\t\t\t<\/div>\n\t\t<\/article>\n\t\t\t\t<article class=\"elementor-post elementor-grid-item post-199954 post type-post status-publish format-standard has-post-thumbnail hentry category-uncategorized\" role=\"listitem\">\n\t\t\t<div class=\"elementor-post__card\">\n\t\t\t\t<a class=\"elementor-post__thumbnail__link\" href=\"https:\/\/villatayrona.mx\/es\/the-tayrona-story\/\" tabindex=\"-1\"><div class=\"elementor-post__thumbnail\"><img loading=\"lazy\" decoding=\"async\" width=\"555\" height=\"360\" src=\"https:\/\/villatayrona.mx\/wp-content\/smush-webp\/2024\/10\/Elly-and-Andres-1-555x360.jpeg.webp\" class=\"attachment-boostly_thumb_555_360 size-boostly_thumb_555_360 wp-image-199955\" alt=\"Elly and Andre\u0301s 1\" \/><\/div><\/a>\n\t\t\t\t<div class=\"elementor-post__text\">\n\t\t\t\t<h3 class=\"elementor-post__title\">\n\t\t\t<a href=\"https:\/\/villatayrona.mx\/es\/the-tayrona-story\/\">\n\t\t\t\tLa historia de Tayrona\t\t\t<\/a>\n\t\t<\/h3>\n\t\t\t\t<div class=\"elementor-post__excerpt\">\n\t\t\t<p>INSPIRADA POR TAYRONA Una nota de tu anfitriona, Elly Soy suizo-estadounidense y vivo en Bucer\u00edas desde 2011. Aqu\u00ed he construido un<\/p>\n\t\t<\/div>\n\t\t\n\t\t<a class=\"elementor-post__read-more\" href=\"https:\/\/villatayrona.mx\/es\/the-tayrona-story\/\" aria-label=\"Read more about The Tayrona Story\" tabindex=\"-1\">\n\t\t\tLeer m\u00e1s &quot;\t\t<\/a>\n\n\t\t\t\t<\/div>\n\t\t\t\t\t<\/div>\n\t\t<\/article>\n\t\t\t\t<\/div>\n\t\t\n\t\t\t\t\t\t<\/div>\n\t\t\t\t<\/div>\n\t\t\t\t\t<\/div>\n\t\t<\/div>\n\t\t\t\t\t<\/div>\n\t\t<\/section>\n\t\t\t\t<\/div>","protected":false},"excerpt":{"rendered":"<p>Blog de Villa Tayrona<\/p>","protected":false},"author":2,"featured_media":0,"parent":0,"menu_order":0,"comment_status":"closed","ping_status":"closed","template":"","meta":{"_acf_changed":false,"footnotes":""},"class_list":["post-193900","page","type-page","status-publish","hentry"],"acf":[],"_links":{"self":[{"href":"https:\/\/villatayrona.mx\/es\/wp-json\/wp\/v2\/pages\/193900","targetHints":{"allow":["GET"]}}],"collection":[{"href":"https:\/\/villatayrona.mx\/es\/wp-json\/wp\/v2\/pages"}],"about":[{"href":"https:\/\/villatayrona.mx\/es\/wp-json\/wp\/v2\/types\/page"}],"author":[{"embeddable":true,"href":"https:\/\/villatayrona.mx\/es\/wp-json\/wp\/v2\/users\/2"}],"replies":[{"embeddable":true,"href":"https:\/\/villatayrona.mx\/es\/wp-json\/wp\/v2\/comments?post=193900"}],"version-history":[{"count":59,"href":"https:\/\/villatayrona.mx\/es\/wp-json\/wp\/v2\/pages\/193900\/revisions"}],"predecessor-version":[{"id":201025,"href":"https:\/\/villatayrona.mx\/es\/wp-json\/wp\/v2\/pages\/193900\/revisions\/201025"}],"wp:attachment":[{"href":"https:\/\/villatayrona.mx\/es\/wp-json\/wp\/v2\/media?parent=193900"}],"curies":[{"name":"wp","href":"https:\/\/api.w.org\/{rel}","templated":true}]}}